{"id":59,"date":"2017-11-23T00:01:52","date_gmt":"2017-11-23T03:01:52","guid":{"rendered":"http:\/\/biomax.com.ar\/?page_id=59"},"modified":"2020-05-31T17:13:02","modified_gmt":"2020-05-31T20:13:02","slug":"egp-max","status":"publish","type":"page","link":"https:\/\/biomax.com.ar\/?page_id=59","title":{"rendered":"<!--EGP MAX comprimidos-->"},"content":{"rendered":"<h2><strong>EGP Max<\/strong><br \/>\n<em>Regulador neuroinmunol\u00f3gico-dermatotr\u00f3fico<\/em><\/h2>\n<p>La gl\u00e1ndula pineal contribuye a coordinar las funciones corporales con los ritmos geof\u00edsicos del entorno natural. De esta manera regula aquellas funciones que se manifiestan en ciclos diarios o estacionales. La reproducci\u00f3n, la termorregulaci\u00f3n, la hibernaci\u00f3n y de manera particular la actividad inmunitaria y dermatotr\u00f3fica, est\u00e1n bajo la esfera de su influencia. Por lo tanto, EGP (extracto de gl\u00e1ndula pineal) se ha creado con la finalidad de apuntalar dichas funciones.<br \/>\nCon el envejecimiento el metabolismo de la gl\u00e1ndula pineal disminuye, decreciendo sus capacidades inmunol\u00f3gicas como as\u00ed tambi\u00e9n las acciones del sistema end\u00f3crino. Con la ayuda ex\u00f3gena de EGP se logra incrementar esas acciones.<br \/>\nEntre los \u00f3rganos efectores de mediadores de la gl\u00e1ndula pineal se encuentra el timo. Esta es una gl\u00e1ndula cardinal en la organizaci\u00f3n del sistema inmunol\u00f3gico. Su funci\u00f3n mengua a medida que se envejece y en los adultos desaparece. Estudios de laboratorio han demostrado que administrando extracto de gl\u00e1ndula pineal a ratones adultos, su sistema inmunol\u00f3gico se ve beneficiado a tal grado que la morfolog\u00eda del timo se restaura hasta adquirir las caracter\u00edsticas que posee en los individuos j\u00f3venes. Adem\u00e1s, el tejido pineal transplantado contribuye a reparar la inmunocompetencia disminuida o ausente de los ratones at\u00edmicos. Queda claro que en los sujetos inmunodeprimidos, EGP incrementa la reactividad inmunitaria.<br \/>\nDe importancia primordial para conocer las interrelaciones entre los sistemas nervioso e inmunitario con la ep\u00edfisis resultan las acciones que sus mediadores tienen sobre la fisiolog\u00eda del hipot\u00e1lamo. Cuando se lesiona el \u00e1rea hipotal\u00e1mica anterior se produce una involuci\u00f3n r\u00e1pida del timo; adem\u00e1s, se reduce el n\u00famero de linfocitos en el torrente sangu\u00edneo.<br \/>\nLa capacidad invasora y la patogenicidad de los virus de la encefalitis se ven disminuidas por la aplicaci\u00f3n de EGP. Tambi\u00e9n se reduce la viremia y la mortalidad de los espec\u00edmenes tratados. Al igual que otros efectos, \u00e9stos obedecen&nbsp; no solamente al incremento en la producci\u00f3n de c\u00e9lulas inmunocompetentes sino tambi\u00e9n al aumento en la s\u00edntesis tanto de interfer\u00f3n como de interleuquinas y de la eficacia fagoc\u00edtica de los macr\u00f3fagos. El incremento de sustancias inmunomoduladoras y de anticuerpos producido por la administraci\u00f3n de EGP, realza la actividad inmunitaria. EGP modifica la actividad del tejido linfoide e induce la producci\u00f3n de citoquinas; por lo tanto la gl\u00e1ndula pineal puede verse como el centro o cruce de una red neuroinmunoend\u00f3crina.<\/p>\n<h2><em>La Neuroinmunoendocrinolog\u00eda<\/em><\/h2>\n<p>Tanto el sistema nervioso como el inmunol\u00f3gico se encuentran interrelacionados. De esta manera, las c\u00e9lulas T pueden estar presentes en el par\u00e9nquima cerebral y llevar a cabo sus acciones inmunol\u00f3gicas, y los astrocitos pueden desempe\u00f1ar funciones an\u00e1logas a las de los monocitos y macr\u00f3fagos en otros tejidos. Estas c\u00e9lulas secretan sustancias inmunorreguladoras tales como la interleuquina-1, factor de necrosis tumoral, interfer\u00f3n y prostaglandinas. Algunas de las sustancias provenientes de los linfocitos T estimulan la proliferaci\u00f3n de los astrocitos. Rec\u00edprocamente, las sustancias inmunoactivas de estas \u00faltimas c\u00e9lulas influyen sobre el crecimiento y la funci\u00f3n de las c\u00e9lulas linf\u00e1ticas.<br \/>\nEl interfer\u00f3n es una citoquina a la que se le confiere la calidad de mensajero entre el sistema nervioso e inmunol\u00f3gico. EGP estimula la producci\u00f3n de \u00e9ste.<br \/>\nAs\u00ed como las c\u00e9lulas de la gl\u00eda son el equivalente del sistema de inmunovigilancia y se encuentran incorporadas al tejido cerebral, en el estroma de la ep\u00edfisis se han identificado sitios de hematopoyesis. La cantidad de tejido linfoide epifisiario mengua conforme avanza la edad de los sujetos. Algunos de estos n\u00f3dulos contienen centros germinales con la consiguiente producci\u00f3n de linfocitos. Indudablemente, estos hechos refuerzan el concepto de una interrelaci\u00f3n funcional entre los sistemas nervioso e inmunol\u00f3gico.<\/p>\n<h2><em>Neuroinmunoterap\u00e9utica \u2013 Dermatoterap\u00e9utica<\/em><\/h2>\n<p>En la terap\u00e9utica de tumores se utiliza la interleuquina-2, otro mediador qu\u00edmico entre las c\u00e9lulas linf\u00e1ticas. Los resultados que arroja el tratamiento con esta sustancia son esperanzadores. EGP tiene la propiedad de incrementar la producci\u00f3n de esta sustancia al actuar sobre las c\u00e9lulas inmunocompetentes. Cuando se emplean ambas sustancias a un tiempo sus efectos se potencian, esto es, se observa una oncostasis sinergista. Sus acciones consisten en elevar el n\u00famero de c\u00e9lulas inmunocomprometidas, as\u00ed como en disminuir la capacidad invasora de los tumores.<br \/>\nEGP tiene efectos psiconeuroinmunol\u00f3gicos, ya que ejerce una acci\u00f3n antiestr\u00e9s: regula mecanismos perversos de la conducta de los animales, evitando la automutilaci\u00f3n ocasionada por situaciones estresantes varias y alopecias psicog\u00e9nicas (dermatitis acral por lamido \u00f3 granuloma de lamido). Adem\u00e1s modifica positivamente las acciones de inmunovigilancia. Regula la liberaci\u00f3n de cortisol sangu\u00edneo quien a su vez afecta negativamente sobre la actividad fisiol\u00f3gica del sistema inmunitario. Estas disfunciones se revierten con la dosificaci\u00f3n de EGP, que tiene propiedades antiestr\u00e9s y oncost\u00e1ticas.<br \/>\nEGP tiene numerosas funciones: poderoso antioxidante, act\u00faa tanto protegiendo a las c\u00e9lulas como a los tejidos frente al da\u00f1o causado por radicales reactivos. Adem\u00e1s, comparado con otros antioxidantes como la vitamina E, el \u00e1cido asc\u00f3rbico o el glutati\u00f3n, EGP parece tener mayor eficacia protegiendo a las c\u00e9lulas frente al estr\u00e9s oxidativo. Este preserva macromol\u00e9culas como el ADN, prote\u00ednas o l\u00edpidos del da\u00f1o oxidativo en numerosas condiciones experimentales da\u00f1inas para la c\u00e9lula. Tambi\u00e9n tiene un efecto inhibiendo la s\u00edntesis de ADN (efecto antiproliferativo) en determinadas c\u00e9lulas tumorales y se ha demostrado que inhibe la muerte celular (apoptosis) en el timo. De especial inter\u00e9s son los posibles efectos de EGP sobre el sistema nervioso central. Dada su alta lipofilidad (atraviesa f\u00e1cilmente la barrera hematoencef\u00e1lica) y su naturaleza no t\u00f3xica, es una mol\u00e9cula efectiva e importante en el sistema de defensa antioxidante en el cerebro. Tiene acci\u00f3n antioxidante y reparador celular, es un agente farmacol\u00f3gicamente activo contra el da\u00f1o oxidativo de l\u00edpidos, prote\u00ednas y \u00e1cidos nucleicos. Lo que hace a EGP muy \u00fatil en los estados de estr\u00e9s oxidativo de cualquier origen.<br \/>\nEGP se comporta como protector celular y esto es por su capacidad para modular la citoarquitectura. Esta acci\u00f3n depende de su interacci\u00f3n con la calmodulina (CaM) y la proteinquinasa C (PKC), dos prote\u00ednas intracelulares dependientes de calcio.<br \/>\nEl citoesqueleto est\u00e1 formado por un alto entrecruzamiento de microt\u00fabulos, microfilamentos y otras estructuras que mantienen la estructura celular y participan en la funciones b\u00e1sicas como: endocitosis, exocitosis, proliferaci\u00f3n celular y transporte de mol\u00e9culas. Al interaccionar con la CaM y la PKC reordena de forma c\u00edclica el citoesqueleto A trav\u00e9s de un mecanismo de acci\u00f3n semejante ocurre lo mismo en el tejido epid\u00e9rmico reordenando el tejido conectivo celular y ayudando a la reconstrucci\u00f3n arquitect\u00f3nica de la piel.<\/p>\n<p><strong><em>Composici\u00f3n<\/em><\/strong><br \/>\nExtracto de gl\u00e1ndula pineal deshidratada .<\/p>\n<p><strong><em>Indicaciones<\/em><\/strong><\/p>\n<ul>\n<li>Deficiencia en el sistema inmunol\u00f3gico<\/li>\n<li>Animales inmunodeprimidos<\/li>\n<li>Coadyuvante en la terap\u00e9utica oncog\u00e9nica<\/li>\n<li>En animales estresados<\/li>\n<li>En animales hiperactivos y ansiosos<\/li>\n<li>Alopecias psicog\u00e9nicas (dermatitis acral por lamido o granuloma por lamido)<\/li>\n<li>Dermatopat\u00edas<\/li>\n<li>En animales donde la terap\u00e9utica con corticoides no puede implementarse<\/li>\n<li>En animales diab\u00e9ticos<\/li>\n<li>Parche caliente<\/li>\n<\/ul>\n<p><strong><em>Interacciones<\/em><\/strong><br \/>\nPuede establecerse la terap\u00e9utica conjuntamente con antibi\u00f3ticos.<\/p>\n<p><strong><em>Contraindicaciones<\/em><\/strong><br \/>\nNo posee.<\/p>\n<p><strong><em>Efectos Colaterales<\/em><\/strong><br \/>\nEn caso de ocasionar somnolencia, ajustar la dosis.<\/p>\n<p><strong><em>Administraci\u00f3n<\/em><\/strong><br \/>\nV\u00eda oral<br \/>\nPosee un excipiente que permite atravesar el tracto g\u00e1strico sin modificar su biodisponibilidad.<\/p>\n<p><em><strong>Dosificaci\u00f3n<\/strong><\/em><br \/>\nDosis inicial:<br \/>\nCaninos: 2 comprimidos x d\u00eda \/ total.<br \/>\nFelinos: 1 comprimido x d\u00eda \/ total.<\/p>\n<p><em><strong>Posolog\u00eda<\/strong><\/em><br \/>\nCaninos: 6mg\/d\u00eda\/total.<br \/>\nFelinos: 3mg\/d\u00eda\/total.<\/p>\n<p><em><strong>Conservaci\u00f3n<\/strong><\/em><br \/>\nMantener en lugar fresco.<\/p>\n<p><em><strong>Presentaci\u00f3n<\/strong><\/em><br \/>\nFrasco por 30 comprimidos ranurados.<br \/>\nFrasco por 60 comprimidos ranurados.<\/p>\n<p><strong>ESTE MEDICAMENTO ES DE USO EXCLUSIVO VETERINARIO<\/strong><\/p>\n","protected":false},"excerpt":{"rendered":"<p>EGP Max Regulador neuroinmunol\u00f3gico-dermatotr\u00f3fico La gl\u00e1ndula pineal contribuye a coordinar las funciones corporales con los ritmos geof\u00edsicos del entorno natural. De esta manera regula aquellas funciones que se manifiestan en ciclos diarios o estacionales. La reproducci\u00f3n, la termorregulaci\u00f3n, la hibernaci\u00f3n y de manera particular la actividad inmunitaria y dermatotr\u00f3fica, est\u00e1n bajo la esfera de su &hellip; <\/p>\n<p class=\"link-more\"><a href=\"https:\/\/biomax.com.ar\/?page_id=59\" class=\"more-link\">Continuar leyendo<span class=\"screen-reader-text\"> \u00ab<!--EGP MAX comprimidos-->\u00ab<\/span><\/a><\/p>\n","protected":false},"author":1,"featured_media":0,"parent":0,"menu_order":0,"comment_status":"closed","ping_status":"closed","template":"","meta":{"footnotes":""},"class_list":["post-59","page","type-page","status-publish","hentry"],"_links":{"self":[{"href":"https:\/\/biomax.com.ar\/index.php?rest_route=\/wp\/v2\/pages\/59","targetHints":{"allow":["GET"]}}],"collection":[{"href":"https:\/\/biomax.com.ar\/index.php?rest_route=\/wp\/v2\/pages"}],"about":[{"href":"https:\/\/biomax.com.ar\/index.php?rest_route=\/wp\/v2\/types\/page"}],"author":[{"embeddable":true,"href":"https:\/\/biomax.com.ar\/index.php?rest_route=\/wp\/v2\/users\/1"}],"replies":[{"embeddable":true,"href":"https:\/\/biomax.com.ar\/index.php?rest_route=%2Fwp%2Fv2%2Fcomments&post=59"}],"version-history":[{"count":17,"href":"https:\/\/biomax.com.ar\/index.php?rest_route=\/wp\/v2\/pages\/59\/revisions"}],"predecessor-version":[{"id":316,"href":"https:\/\/biomax.com.ar\/index.php?rest_route=\/wp\/v2\/pages\/59\/revisions\/316"}],"wp:attachment":[{"href":"https:\/\/biomax.com.ar\/index.php?rest_route=%2Fwp%2Fv2%2Fmedia&parent=59"}],"curies":[{"name":"wp","href":"https:\/\/api.w.org\/{rel}","templated":true}]}}