{"id":30,"date":"2017-11-22T23:57:48","date_gmt":"2017-11-23T02:57:48","guid":{"rendered":"http:\/\/biomax.com.ar\/?page_id=30"},"modified":"2018-04-11T22:58:10","modified_gmt":"2018-04-12T01:58:10","slug":"rc-max-inyectable-2","status":"publish","type":"page","link":"https:\/\/biomax.com.ar\/?page_id=30","title":{"rendered":"<!--RC MAX inyectable-->"},"content":{"rendered":"<h2><strong>RC Max inyectable<\/strong><br \/>\nPrecursor de cart\u00edlago<\/h2>\n<p><!--\n\n\n<h1><strong>RC MAX inyectable<\/strong><\/h1>\n\n\n--> <em><strong><br \/>\n<\/strong><\/em><\/p>\n<h4><em><strong>Composici\u00f3n<\/strong><\/em><\/h4>\n<p>Contiene condroitin sulfato, D-glucosamina sulfato, centella asi\u00e1tica y Vitamina C (ascorbato de sodio) en soluci\u00f3n esteril,\u00a0Vitamina E natural y Col\u00e1geno tipo II.<\/p>\n<h4><em><strong>Propiedades y mecanismo de acci\u00f3n<\/strong><\/em><\/h4>\n<p>La D-glucosamina es utilizada como precursor en la bios\u00edntesis de proteoglicanos que integran la matriz del cart\u00edlago articular y el \u00e1cido hialur\u00f3nico presente en el l\u00edquido sinovial. En los procesos degenerativos se observa una marcada reducci\u00f3n de los niveles locales de D-glucosamina debido tanto a alteraciones enzim\u00e1ticas que se manifiestan en las c\u00e9lulas de la membrana sinovial y del cart\u00edlago (por alteraci\u00f3n de la conversi\u00f3n de glucosa en glucosamina), como a una disminuci\u00f3n de la permeabilidad de la c\u00e1psula articular debida a procesos inflamatorios.<br \/>\nEl aporte ex\u00f3geno de condroitin sulfato y D-glucosamina estimula la producci\u00f3n e incorporaci\u00f3n de proteoglicanos a la matriz y la actividad de la membrana sinovial. De esta forma se incrementa la viscosidad del l\u00edquido sinovial mejorando sustancialmente la funci\u00f3n articular.<br \/>\nEl \u00e1cido asc\u00f3rbico es de vital importancia en la formaci\u00f3n de col\u00e1geno y es uno de los elementos que interviene en la integridad estructural del tejido conectivo, hueso y membranas basales. Es un agente antiinflamatorio. Su mecanismo de acci\u00f3n es a trav\u00e9s de la interacci\u00f3n de las prostaglandinas junto con el<em><strong> \u00e1cido asiaticocide.<\/strong>\u00a0A<\/em>mbos son promotores de condroitin sulfato, aportando su oferta al organismo.<\/p>\n<p>La vitamina E aporta una ayuda importante respecto de lo que concierne al m\u00fasculo, por lo tanto colabora en los procesos de atrofia muscular ocasionado por el deterioro del mismo debido a la patolog\u00eda articular.<\/p>\n<p>El col\u00e1geno tipo II, tiene un principio higrosc\u00f3pico que permite retener m\u00e1s agua y por lo tanto mejora sustancialmente la capacidad de absorci\u00f3n de los condrocitos brindando m\u00e1s elasticidad y menor fricci\u00f3n en las articulaciones.<\/p>\n<h4><strong><em>Indicaciones<\/em><\/strong><\/h4>\n<p>RC MAX inyectable est\u00e1 recomendado para el tratamiento de disfunciones articulares de origen degenerativo no infecciosas y\/o traum\u00e1ticas. Artrosis primaria y secundaria, coxoartrosis por displasia, osteoartritis, condromalasia, claudicaciones asociadas a la articulaci\u00f3n carpiana y artropat\u00edas del tarso en equinos. Condroprotecci\u00f3n en el tratamiento prolongado con esteroides sist\u00e9micos. Fisuras, sobreca\u00f1as, mejoramiento de los ejes \u00f3seos y epifisitis. Ptosis de orejas.<\/p>\n<h4><strong><em>Contraindicaciones<\/em><\/strong><\/h4>\n<p>No posee administrado a las dosis indicadas por v\u00eda intramuscular y\/o subcut\u00e1nea.<\/p>\n<h4><strong><em>Administraci\u00f3n<\/em><\/strong><\/h4>\n<p>Subcut\u00e1nea &#8211; Intramuscular.<br \/>\nDesinfectar el sitio de aplicaci\u00f3n.<br \/>\nNo mezclar RC MAX con otros medicamentos o solventes.<\/p>\n<h4><strong><em>Dosis y posolog\u00eda<\/em><\/strong><\/h4>\n<p><em>Inyectable<\/em><br \/>\n<em><u>Caninos y felinos<\/u>:<\/em> 0,5 a 1cc\/10kpv\/d\u00eda, preferentemente por v\u00eda IM.<br \/>\nV\u00eda SC de segunda elecci\u00f3n.<br \/>\nMantenimiento: 1 aplicaci\u00f3n cada tres d\u00edas.<br \/>\n<em><u>Equinos<\/u>: <\/em>4 ml c\/1 a 3 d\u00edas.<br \/>\nAdministraci\u00f3n por v\u00eda IM exclusivamente.<br \/>\nMantenimiento: 4 ml c\/5 d\u00edas.<br \/>\nPosolog\u00eda: en casos agudos 1 aplicaci\u00f3n diaria durante 1 semana. A partir de la segunda semana, 1 aplicaci\u00f3n cada 3 d\u00edas hasta completar los 30 d\u00edas, luego 1 aplicaci\u00f3n cada 3 d\u00edas, seg\u00fan respuesta y mejor\u00eda de los s\u00edntomas.<br \/>\nCasos cr\u00f3nicos: 1 aplicaci\u00f3n cada 3 d\u00edas durante no menos de 60 d\u00edas.<br \/>\nEn equinos el tratamiento no debe ser inferior a los 60 d\u00edas.<\/p>\n<h4><strong><em>Interacciones medicamentosas<\/em><\/strong><\/h4>\n<p>En lo que respecta a su absorci\u00f3n las tetraciclinas se ven aumentadas, el cloranfenicol y las penicilinas disminuyen su absorci\u00f3n cuando son administradas junto con glucosamina.<\/p>\n<h4><strong><em>Precauciones<\/em><\/strong><\/h4>\n<p>RC MAX no debe administrarse por v\u00eda intraarticular.<\/p>\n<h4><strong><em>Conservaci\u00f3n<\/em><\/strong><\/h4>\n<p>Refrigerado, en heladera a 8\u00b0 C.<\/p>\n<h4><strong><em>Presentaci\u00f3n<\/em><\/strong><\/h4>\n<p>Inyectable: Frasco ampolla de 20 cc.<\/p>\n","protected":false},"excerpt":{"rendered":"<p>RC Max inyectable Precursor de cart\u00edlago Composici\u00f3n Contiene condroitin sulfato, D-glucosamina sulfato, centella asi\u00e1tica y Vitamina C (ascorbato de sodio) en soluci\u00f3n esteril,\u00a0Vitamina E natural y Col\u00e1geno tipo II. Propiedades y mecanismo de acci\u00f3n La D-glucosamina es utilizada como precursor en la bios\u00edntesis de proteoglicanos que integran la matriz del cart\u00edlago articular y el \u00e1cido &hellip; <\/p>\n<p class=\"link-more\"><a href=\"https:\/\/biomax.com.ar\/?page_id=30\" class=\"more-link\">Continuar leyendo<span class=\"screen-reader-text\"> \u00ab<!--RC MAX inyectable-->\u00ab<\/span><\/a><\/p>\n","protected":false},"author":1,"featured_media":194,"parent":0,"menu_order":0,"comment_status":"closed","ping_status":"closed","template":"","meta":{"footnotes":""},"class_list":["post-30","page","type-page","status-publish","has-post-thumbnail","hentry"],"_links":{"self":[{"href":"https:\/\/biomax.com.ar\/index.php?rest_route=\/wp\/v2\/pages\/30","targetHints":{"allow":["GET"]}}],"collection":[{"href":"https:\/\/biomax.com.ar\/index.php?rest_route=\/wp\/v2\/pages"}],"about":[{"href":"https:\/\/biomax.com.ar\/index.php?rest_route=\/wp\/v2\/types\/page"}],"author":[{"embeddable":true,"href":"https:\/\/biomax.com.ar\/index.php?rest_route=\/wp\/v2\/users\/1"}],"replies":[{"embeddable":true,"href":"https:\/\/biomax.com.ar\/index.php?rest_route=%2Fwp%2Fv2%2Fcomments&post=30"}],"version-history":[{"count":30,"href":"https:\/\/biomax.com.ar\/index.php?rest_route=\/wp\/v2\/pages\/30\/revisions"}],"predecessor-version":[{"id":282,"href":"https:\/\/biomax.com.ar\/index.php?rest_route=\/wp\/v2\/pages\/30\/revisions\/282"}],"wp:featuredmedia":[{"embeddable":true,"href":"https:\/\/biomax.com.ar\/index.php?rest_route=\/wp\/v2\/media\/194"}],"wp:attachment":[{"href":"https:\/\/biomax.com.ar\/index.php?rest_route=%2Fwp%2Fv2%2Fmedia&parent=30"}],"curies":[{"name":"wp","href":"https:\/\/api.w.org\/{rel}","templated":true}]}}