{"id":23,"date":"2017-11-22T22:45:17","date_gmt":"2017-11-23T01:45:17","guid":{"rendered":"http:\/\/biomax.com.ar\/?page_id=23"},"modified":"2026-03-29T21:09:18","modified_gmt":"2026-03-30T00:09:18","slug":"rc-max-comprimidos","status":"publish","type":"page","link":"https:\/\/biomax.com.ar\/?page_id=23","title":{"rendered":"<!--RC MAX comprimidos-->"},"content":{"rendered":"<h2><strong>RC Max comprimidos<\/strong><br \/>\nPrecursor de cart\u00edlago<\/h2>\n<p><em style=\"font-size: 1rem;\"><strong>Composici\u00f3n<\/strong><\/em><\/p>\n<p><em> <u>RC MAX Adultos<\/u>:<\/em> Glucosamina Sulfato 300 mg; Condroitin Sulfato 250 mg; Vitamina C 200 mg; Vitamina E 100 UI; Acidoasiaticoside (Centella Asi\u00e1tica) 100 mg; Col\u00e1geno Hidrolizado (Tipo II) 50 mg; Lactosa 68 mg; Estearato de Magnesio 2 mg.<br \/>\n<em><u>RC MAX Cachorros<\/u>: <\/em>Glucosamina Sulfato 300 mg; Condroitin Sulfato 250 mg; Vitamina C 170 mg; Vitamina E 100 UI; Vitamina D 100 UI;\u00a0 Acidoasiaticoside (Centella Asi\u00e1tica) 100 mg; Col\u00e1geno Hidrolizado (Tipo II) 50 mg; Lactosa 68 mg; Estearato de Magnesio 2 mg.<\/p>\n<p><em><strong>Propiedades y mecanismo de acci\u00f3n<\/strong><br \/>\n<\/em>La D-glucosamina es utilizada como precursor en la bios\u00edntesis de proteoglicanos que integran la matriz del cart\u00edlago articular y el \u00e1cido hialur\u00f3nico presente en el l\u00edquido sinovial. En los procesos degenerativos se observa una marcada reducci\u00f3n de los niveles locales de D-glucosamina debido tanto a alteraciones enzim\u00e1ticas que se manifiestan en las c\u00e9lulas de la membrana sinovial y del cart\u00edlago (por alteraci\u00f3n de la conversi\u00f3n de glucosa en glucosamina), como a una disminuci\u00f3n de la permeabilidad de la c\u00e1psula articular debida a procesos inflamatorios.<br \/>\nEl aporte ex\u00f3geno de condroitin sulfato y D-glucosamina estimula la producci\u00f3n e incorporaci\u00f3n de proteoglicanos a la matriz y la actividad de la membrana sinovial. De esta forma se incrementa la viscosidad del l\u00edquido sinovial mejorando sustancialmente la funci\u00f3n articular.<br \/>\nEl \u00e1cido asc\u00f3rbico es de vital importancia en la formaci\u00f3n de col\u00e1geno y es uno de los elementos que interviene en la integridad estructural del tejido conectivo, hueso y membranas basales. Es un agente antiinflamatorio. Su mecanismo de acci\u00f3n es a trav\u00e9s de la interacci\u00f3n de las prostaglandinas junto con el \u00e1cido asiaticocide. Ambos son promotores de condroitin sulfato, aportando su oferta al organismo.<br \/>\nLa vitamina D3 colabora con la fijaci\u00f3n del calcio y de esta forma tiene una importante funci\u00f3n en la mejor\u00eda de los ejes \u00f3seos.<br \/>\nLa vitamina E tiene una acci\u00f3n ben\u00e9fica en los procesos de atrofia muscular generada por la patolog\u00eda articular.<br \/>\nEl col\u00e1geno tipo II posee un principio higrosc\u00f3pico que permite retener m\u00e1s agua y por lo tanto mejora sustancialmente la capacidad de absorci\u00f3n de los condrocitos brindando mayor elasticidad y reduciendo la fricci\u00f3n en las articulaciones.<\/p>\n<p><strong><em>Indicaciones<\/em><\/strong><br \/>\nRC MAX est\u00e1 recomendado para el tratamiento de disfunciones articulares de origen degenerativo no infecciosas y\/o traum\u00e1ticas. Artrosis primaria y secundaria, coxoartrosis por displasia, osteoartritis, condromalasia, claudicaciones asociadas a la articulaci\u00f3n carpiana y artropat\u00edas del tarso en equinos. Condroprotecci\u00f3n en el tratamiento prolongado con esteroides sist\u00e9micos. Fisuras, sobreca\u00f1as, mejoramiento de los ejes \u00f3seos y epifisitis. Ptosis de orejas.<\/p>\n<p><strong><em>Contraindicaciones<\/em><\/strong><br \/>\nNo posee.<\/p>\n<p><strong><em>Dosis y posolog\u00eda<\/em><\/strong><br \/>\n<em>Caninos y felinos:<\/em> 1 comprimido c\/20 kpv x d\u00eda.<\/p>\n<p><strong><em>Interacciones medicamentosas<\/em><\/strong><br \/>\nEn lo que respecta a su absorci\u00f3n las tetraciclinas se ven aumentadas, el cloranfenicol y las penicilinas disminuyen cuando son administradas junto con glucosamina.<\/p>\n<p><strong><em>Conservaci\u00f3n<\/em><\/strong><br \/>\nMantener fuera del alcance de los ni\u00f1os, en lugar fresco lejos de la luz solar, entre 2 y 25 \u00b0C<br \/>\n<em>Centro Nacional de Intoxicaciones TE: 0800-333-0160.<\/em><\/p>\n<p><strong><em>Presentaci\u00f3n<\/em><\/strong><br \/>\n<u><em>RC MAX ADULTOS<\/em><\/u>: Frasco x 30 comprimidos ranurados.<br \/>\nFrasco x 60 comprimidos ranurados.<br \/>\n<u><em>RC MAX CACHORROS<\/em><\/u>: Frasco x 30 comprimidos ranurados.<br \/>\nFrasco x 60 comprimidos ranurados<\/p>\n","protected":false},"excerpt":{"rendered":"<p>RC Max comprimidos Precursor de cart\u00edlago Composici\u00f3n RC MAX Adultos: Glucosamina Sulfato 300 mg; Condroitin Sulfato 250 mg; Vitamina C 200 mg; Vitamina E 100 UI; Acidoasiaticoside (Centella Asi\u00e1tica) 100 mg; Col\u00e1geno Hidrolizado (Tipo II) 50 mg; Lactosa 68 mg; Estearato de Magnesio 2 mg. RC MAX Cachorros: Glucosamina Sulfato 300 mg; Condroitin Sulfato 250 &hellip; <\/p>\n<p class=\"link-more\"><a href=\"https:\/\/biomax.com.ar\/?page_id=23\" class=\"more-link\">Continuar leyendo<span class=\"screen-reader-text\"> \u00ab<!--RC MAX comprimidos-->\u00ab<\/span><\/a><\/p>\n","protected":false},"author":1,"featured_media":268,"parent":0,"menu_order":0,"comment_status":"closed","ping_status":"closed","template":"","meta":{"footnotes":""},"class_list":["post-23","page","type-page","status-publish","has-post-thumbnail","hentry"],"_links":{"self":[{"href":"https:\/\/biomax.com.ar\/index.php?rest_route=\/wp\/v2\/pages\/23","targetHints":{"allow":["GET"]}}],"collection":[{"href":"https:\/\/biomax.com.ar\/index.php?rest_route=\/wp\/v2\/pages"}],"about":[{"href":"https:\/\/biomax.com.ar\/index.php?rest_route=\/wp\/v2\/types\/page"}],"author":[{"embeddable":true,"href":"https:\/\/biomax.com.ar\/index.php?rest_route=\/wp\/v2\/users\/1"}],"replies":[{"embeddable":true,"href":"https:\/\/biomax.com.ar\/index.php?rest_route=%2Fwp%2Fv2%2Fcomments&post=23"}],"version-history":[{"count":43,"href":"https:\/\/biomax.com.ar\/index.php?rest_route=\/wp\/v2\/pages\/23\/revisions"}],"predecessor-version":[{"id":332,"href":"https:\/\/biomax.com.ar\/index.php?rest_route=\/wp\/v2\/pages\/23\/revisions\/332"}],"wp:featuredmedia":[{"embeddable":true,"href":"https:\/\/biomax.com.ar\/index.php?rest_route=\/wp\/v2\/media\/268"}],"wp:attachment":[{"href":"https:\/\/biomax.com.ar\/index.php?rest_route=%2Fwp%2Fv2%2Fmedia&parent=23"}],"curies":[{"name":"wp","href":"https:\/\/api.w.org\/{rel}","templated":true}]}}